{"id":1171,"date":"2024-09-02T22:53:21","date_gmt":"2024-09-02T20:53:21","guid":{"rendered":"https:\/\/www.refugium-altstadt.com\/hebergement\/"},"modified":"2026-02-01T01:00:30","modified_gmt":"2026-02-01T00:00:30","slug":"apercu-des-reservations","status":"publish","type":"page","link":"https:\/\/www.refugium-altstadt.com\/fr\/apercu-des-reservations\/","title":{"rendered":"Aper\u00e7u des r\u00e9servations"},"content":{"rendered":"<div   class='avia-fullscreen-slider main_color   avia-builder-el-0  el_before_av_textblock  avia-builder-el-first  container_wrap sidebar_right'  >\n<style type=\"text\/css\" data-created_by=\"avia_inline_auto\" id=\"style-css-av-ml2z7ui3-6a33e4377d40912c495a242da1b4a228\">\n#top #wrap_all .avia-slideshow .av-slideshow-caption.av-ml2z7ui3-6a33e4377d40912c495a242da1b4a228__0 .avia-caption-title{\nfont-size:44px;\n}\n#top .avia-slideshow .av-slideshow-caption.av-ml2z7ui3-6a33e4377d40912c495a242da1b4a228__0 .avia-caption-content{\nfont-size:24px;\n}\n#top .avia-slideshow .av-slideshow-caption.av-ml2z7ui3-6a33e4377d40912c495a242da1b4a228__0 .avia-caption-content p{\nfont-size:24px;\n}\n<\/style>\n<a href='#next-section' title='' class='scroll-down-link av-control-minimal avia-svg-icon avia-font-svg_entypo-fontello' data-av_svg_icon='down-open-mini' data-av_iconset='svg_entypo-fontello'><svg version=\"1.1\" xmlns=\"http:\/\/www.w3.org\/2000\/svg\" width=\"15\" height=\"32\" viewBox=\"0 0 15 32\" preserveAspectRatio=\"xMidYMid meet\" aria-labelledby='av-svg-title-1' aria-describedby='av-svg-desc-1' role=\"graphics-symbol\" aria-hidden=\"true\">\n<title id='av-svg-title-1'>Scroller vers la prochaine section<\/title>\n<desc id='av-svg-desc-1'>Scroller vers la prochaine section<\/desc>\n<path d=\"M12.96 12.16q0.704-0.832 1.536 0 0.832 0.704 0 1.536l-6.272 6.144q-0.704 0.704-1.536 0l-6.272-6.144q-0.832-0.832 0-1.536 0.768-0.768 1.6 0l5.44 4.992z\"><\/path>\n<\/svg><\/a><div  class='avia-slideshow av-ml2z7ui3-6a33e4377d40912c495a242da1b4a228 avia-slideshow-2048x2048 av_fullscreen avia-fade-slider av-slideshow-ui av-control-minimal av-no-slider-navigation av-slideshow-autoplay av-loop-endless av-loop-manual-endless av-slider-scroll-down-active av-default-height-applied   avia-slideshow-1' data-slideshow-options=\"{&quot;animation&quot;:&quot;fade&quot;,&quot;autoplay&quot;:true,&quot;loop_autoplay&quot;:&quot;endless&quot;,&quot;interval&quot;:5,&quot;loop_manual&quot;:&quot;manual-endless&quot;,&quot;autoplay_stopper&quot;:false,&quot;noNavigation&quot;:false,&quot;bg_slider&quot;:true,&quot;keep_padding&quot;:false,&quot;hoverpause&quot;:false,&quot;show_slide_delay&quot;:0,&quot;slide_height&quot;:&quot;100&quot;,&quot;image_attachment&quot;:&quot;&quot;}\"  itemprop=\"image\" itemscope=\"itemscope\" itemtype=\"https:\/\/schema.org\/ImageObject\" ><ul class='avia-slideshow-inner ' style='padding-bottom: 60.588235294118%;'><li style='background-position:center center;' data-img-url='https:\/\/www.refugium-altstadt.com\/wp-content\/uploads\/2024\/09\/refugium-altstadt-gesamtansicht-03-web.jpg' class='avia-slideshow-slide av-ml2z7ui3-6a33e4377d40912c495a242da1b4a228__0  av-single-slide slide-1 slide-odd'><div data-rel='slideshow-1' class='avia-slide-wrap '   ><\/div><\/li><\/ul><div class='av-slideshow-caption av-ml2z7ui3-6a33e4377d40912c495a242da1b4a228__0 caption_fullwidth caption_center caption_center_framed caption_framed'><div class=\"container caption_container\"><div class=\"slideshow_caption\"><div class=\"slideshow_inner_caption\"><div class=\"slideshow_align_caption\"><h2 class='avia-caption-title '  itemprop=\"name\" >Refugium Altstadt - Apercu des r\u00e9servations<\/h2><\/div><\/div><\/div><\/div><\/div><\/div><\/div><div id='after_full_slider_1'  class='main_color av_default_container_wrap container_wrap sidebar_right'  ><div class='container av-section-cont-open' ><div class='template-page content  av-content-small alpha units'><div class='post-entry post-entry-type-page post-entry-1171'><div class='entry-content-wrapper clearfix'>\n\n<style type=\"text\/css\" data-created_by=\"avia_inline_auto\" id=\"style-css-av-ml2yvg1n-74117a3530551066811b540d5a3b565a\">\n#top .av_textblock_section.av-ml2yvg1n-74117a3530551066811b540d5a3b565a .avia_textblock{\nfont-size:18px;\n}\n<\/style>\n<section  class='av_textblock_section av-ml2yvg1n-74117a3530551066811b540d5a3b565a '   itemscope=\"itemscope\" itemtype=\"https:\/\/schema.org\/CreativeWork\" ><div class='avia_textblock'  itemprop=\"text\" ><p>Choisissez une p\u00e9riode et le nombre de personnes, und unser outil de r\u00e9servation vous indiquera quelle chambre ou quelle suite peut \u00eatre r\u00e9serv\u00e9e pour cette p\u00e9riode.<\/p>\n<p><strong>Attention :<\/strong> Le syst\u00e8me de r\u00e9servation sur cette page vous propose \u00e9galement des objets dans nos <strong>autres \u00e9tablissements, <\/strong>la <a href=\"https:\/\/www.residenz-vier-jahreszeiten.com\/\" target=\"_blank\" rel=\"noopener\">Residenz Vier Jahreszeiten<\/a>, la <a href=\"https:\/\/www.haus-eleganza-monschau.com\" target=\"_blank\" rel=\"noopener\">Villa Eleganza<\/a>, la <a href=\"https:\/\/haus-stehlings.de\/\" target=\"_blank\" rel=\"noopener\">Haus Stehlings<\/a>, la <a href=\"https:\/\/www.villa-rur-monschau.de\" target=\"_blank\" rel=\"noopener\">Villa Rur<\/a>, la <a href=\"https:\/\/www.haus-leopold-monschau.eu\/\" target=\"_blank\" rel=\"noopener\">Haus Leopold<\/a>, la <a href=\"https:\/\/www.haus-ferdinand-monschau.de\" target=\"_blank\" rel=\"noopener\">Haus Ferdinand<\/a> et la <a href=\"https:\/\/barkhausen-monschau.com\/\" target=\"_blank\" rel=\"noopener\">Haus Barkhausen<\/a>, si ceux-ci sont \u00e9galement disponibles. Ils se trouvent \u00e0 seulement quelques minutes \u00e0 pied de la Refugium Altstadt.<\/p>\n<div id=\"booking-tool-container-allApartments\"><script type=\"text\/javascript\" src=\"https:\/\/login.smoobu.com\/js\/Settings\/BookingToolIframe.js\"><\/script> <script>BookingToolIframe.initialize({\"url\": \"https:\/\/login.smoobu.com\/de\/booking-tool\/iframe\/5149\", \"baseUrl\": \"https:\/\/login.smoobu.com\", \"target\": \"#booking-tool-container-allApartments\"})<\/script><\/div>\n<\/div><\/section>\n\n<style type=\"text\/css\" data-created_by=\"avia_inline_auto\" id=\"style-css-av-ml2yy914-8fd5b4e1cd3675f55357ef4cf022a6f5\">\n#top .av-special-heading.av-ml2yy914-8fd5b4e1cd3675f55357ef4cf022a6f5{\npadding-bottom:10px;\n}\nbody .av-special-heading.av-ml2yy914-8fd5b4e1cd3675f55357ef4cf022a6f5 .av-special-heading-tag .heading-char{\nfont-size:25px;\n}\n.av-special-heading.av-ml2yy914-8fd5b4e1cd3675f55357ef4cf022a6f5 .av-subheading{\nfont-size:15px;\n}\n<\/style>\n<div  id=\"standorte-headline\"  class='av-special-heading av-ml2yy914-8fd5b4e1cd3675f55357ef4cf022a6f5 av-special-heading-h1 blockquote classic-quote  avia-builder-el-2  el_after_av_textblock  el_before_av_hr '><h1 class='av-special-heading-tag '  itemprop=\"headline\"  ><b>Les emplacements de nos h\u00e9bergements<\/b><\/h1><div class=\"special-heading-border\"><div class=\"special-heading-inner-border\"><\/div><\/div><\/div>\n\n<style type=\"text\/css\" data-created_by=\"avia_inline_auto\" id=\"style-css-av-av_hr-eca2b575c60ca067eef4831a02e25ca3\">\n#top .hr.av-av_hr-eca2b575c60ca067eef4831a02e25ca3{\nmargin-top:7px;\nmargin-bottom:7px;\n}\n.hr.av-av_hr-eca2b575c60ca067eef4831a02e25ca3 .hr-inner{\nwidth:50px;\n}\n<\/style>\n<div  class='hr av-av_hr-eca2b575c60ca067eef4831a02e25ca3 hr-custom  avia-builder-el-3  el_after_av_heading  el_before_av_textblock  hr-center hr-icon-no'><span class='hr-inner inner-border-av-border-none'><span class=\"hr-inner-style\"><\/span><\/span><\/div>\n<section  class='av_textblock_section av-av_textblock-7491b8051d5afd75714dec0046e8df32 '   itemscope=\"itemscope\" itemtype=\"https:\/\/schema.org\/CreativeWork\" ><div class='avia_textblock'  itemprop=\"text\" ><p><img decoding=\"async\" class=\"aligncenter\" src=\"https:\/\/www.haus-leopold-monschau.eu\/wp-content\/uploads\/2025\/12\/fewo-monschau-alle-unterkuenfte-221225.jpg\" alt=\"fewo-Monschau-Alle-Unterkuenfte\" \/><\/p>\n<\/div><\/section>\n\n<style type=\"text\/css\" data-created_by=\"avia_inline_auto\" id=\"style-css-av-av_hr-b29a15486e7f49a27bd17879de560ed1\">\n#top .hr.av-av_hr-b29a15486e7f49a27bd17879de560ed1{\nmargin-top:30px;\nmargin-bottom:30px;\n}\n.hr.av-av_hr-b29a15486e7f49a27bd17879de560ed1 .hr-inner{\nwidth:50px;\n}\n<\/style>\n<div  class='hr av-av_hr-b29a15486e7f49a27bd17879de560ed1 hr-custom  avia-builder-el-5  el_after_av_textblock  el_before_av_heading  hr-center hr-icon-no'><span class='hr-inner inner-border-av-border-none'><span class=\"hr-inner-style\"><\/span><\/span><\/div>\n\n<style type=\"text\/css\" data-created_by=\"avia_inline_auto\" id=\"style-css-av-ml2yyzc2-45aaee46ece0277ceb23958ac8da0e13\">\n#top .av-special-heading.av-ml2yyzc2-45aaee46ece0277ceb23958ac8da0e13{\npadding-bottom:10px;\nfont-size:34px;\n}\nbody .av-special-heading.av-ml2yyzc2-45aaee46ece0277ceb23958ac8da0e13 .av-special-heading-tag .heading-char{\nfont-size:25px;\n}\n#top #wrap_all .av-special-heading.av-ml2yyzc2-45aaee46ece0277ceb23958ac8da0e13 .av-special-heading-tag{\nfont-size:34px;\n}\n.av-special-heading.av-ml2yyzc2-45aaee46ece0277ceb23958ac8da0e13 .av-subheading{\nfont-size:15px;\n}\n\n@media only screen and (min-width: 480px) and (max-width: 767px){ \n#top #wrap_all .av-special-heading.av-ml2yyzc2-45aaee46ece0277ceb23958ac8da0e13 .av-special-heading-tag{\nfont-size:0.8em;\n}\n}\n\n@media only screen and (max-width: 479px){ \n#top #wrap_all .av-special-heading.av-ml2yyzc2-45aaee46ece0277ceb23958ac8da0e13 .av-special-heading-tag{\nfont-size:0.8em;\n}\n}\n<\/style>\n<div  class='av-special-heading av-ml2yyzc2-45aaee46ece0277ceb23958ac8da0e13 av-special-heading-h1 blockquote classic-quote  avia-builder-el-6  el_after_av_hr  el_before_av_hr  av-inherit-size'><h1 class='av-special-heading-tag '  itemprop=\"headline\"  ><b>O\u00f9 trouver le Refugium Altstadt:<\/b><\/h1><div class=\"special-heading-border\"><div class=\"special-heading-inner-border\"><\/div><\/div><\/div>\n\n<style type=\"text\/css\" data-created_by=\"avia_inline_auto\" id=\"style-css-av-av_hr-b29a15486e7f49a27bd17879de560ed1\">\n#top .hr.av-av_hr-b29a15486e7f49a27bd17879de560ed1{\nmargin-top:30px;\nmargin-bottom:30px;\n}\n.hr.av-av_hr-b29a15486e7f49a27bd17879de560ed1 .hr-inner{\nwidth:50px;\n}\n<\/style>\n<div  class='hr av-av_hr-b29a15486e7f49a27bd17879de560ed1 hr-custom  avia-builder-el-7  el_after_av_heading  el_before_av_one_full  hr-center hr-icon-no'><span class='hr-inner inner-border-av-border-none'><span class=\"hr-inner-style\"><\/span><\/span><\/div>\n<div  id=\"karte\"  class='flex_column av-av_one_full-1641f99f83fd629c5b63bb72045c8e3d av_one_full  avia-builder-el-8  el_after_av_hr  avia-builder-el-last  first flex_column_div  '     ><section  class='av_textblock_section av-av_textblock-92ab5b4c5448b40ef3b82fb3d397e98e '   itemscope=\"itemscope\" itemtype=\"https:\/\/schema.org\/CreativeWork\" ><div class='avia_textblock'  itemprop=\"text\" ><div class=\"ba_map_holder\" id=\"d0fe2f17ed4e175a0f9dff3bfb8fa681\" data-map-id=\"498\"><\/div>\n<\/div><\/section><\/div>\n","protected":false},"excerpt":{"rendered":"","protected":false},"author":1,"featured_media":0,"parent":0,"menu_order":0,"comment_status":"open","ping_status":"closed","template":"","meta":{"footnotes":""},"class_list":["post-1171","page","type-page","status-publish","hentry"],"_links":{"self":[{"href":"https:\/\/www.refugium-altstadt.com\/fr\/wp-json\/wp\/v2\/pages\/1171","targetHints":{"allow":["GET"]}}],"collection":[{"href":"https:\/\/www.refugium-altstadt.com\/fr\/wp-json\/wp\/v2\/pages"}],"about":[{"href":"https:\/\/www.refugium-altstadt.com\/fr\/wp-json\/wp\/v2\/types\/page"}],"author":[{"embeddable":true,"href":"https:\/\/www.refugium-altstadt.com\/fr\/wp-json\/wp\/v2\/users\/1"}],"replies":[{"embeddable":true,"href":"https:\/\/www.refugium-altstadt.com\/fr\/wp-json\/wp\/v2\/comments?post=1171"}],"version-history":[{"count":11,"href":"https:\/\/www.refugium-altstadt.com\/fr\/wp-json\/wp\/v2\/pages\/1171\/revisions"}],"predecessor-version":[{"id":2014,"href":"https:\/\/www.refugium-altstadt.com\/fr\/wp-json\/wp\/v2\/pages\/1171\/revisions\/2014"}],"wp:attachment":[{"href":"https:\/\/www.refugium-altstadt.com\/fr\/wp-json\/wp\/v2\/media?parent=1171"}],"curies":[{"name":"wp","href":"https:\/\/api.w.org\/{rel}","templated":true}]}}